{"id":1473,"date":"2014-11-13T21:59:46","date_gmt":"2014-11-13T20:59:46","guid":{"rendered":"http:\/\/s544576902.onlinehome.fr\/?page_id=1473"},"modified":"2022-11-05T16:08:04","modified_gmt":"2022-11-05T15:08:04","slug":"sites-internet-pour-recherches-genealogiques","status":"publish","type":"page","link":"https:\/\/www.cgvl-merville.com\/?page_id=1473","title":{"rendered":"Sites internet pour recherches g\u00e9n\u00e9alogiques"},"content":{"rendered":"<div class=\"datagrid\">\n\n<table id=\"tablepress-11\" class=\"tablepress tablepress-id-11\">\n<thead>\n<tr class=\"row-1\">\n\t<th class=\"column-1\">Liste des sites<\/th><th class=\"column-2\">Liste des sites<\/th><th class=\"column-3\">Type<\/th>\n<\/tr>\n<\/thead>\n<tbody class=\"row-striping row-hover\">\n<tr class=\"row-2\">\n\t<td class=\"column-1\">1<\/td><td class=\"column-2\"><a href=\"http:\/\/www.aufildelalys.fr\/\" target=\"_blank\" rel=\"noopener noreferrer\">Au fil de la Lys: A la d\u00e9couverte de la vie, au fil du temps\u2026<\/a><\/td><td class=\"column-3\">Gratuit<\/td>\n<\/tr>\n<tr class=\"row-3\">\n\t<td class=\"column-1\">2<\/td><td class=\"column-2\"><a href=\"http:\/\/www.ancestry.fr\/\" target=\"_blank\" rel=\"noopener noreferrer\">Ancestry<\/a><\/td><td class=\"column-3\"><\/td>\n<\/tr>\n<tr class=\"row-4\">\n\t<td class=\"column-1\">3<\/td><td class=\"column-2\"><a href=\"https:\/\/search.arch.be\/fr\/rechercher-des-archives\" target=\"_blank\" rel=\"noopener noreferrer\">Archives de l'\u00c9tat en Belgique (Archives)<\/a><\/td><td class=\"column-3\">Gratuit<\/td>\n<\/tr>\n<tr class=\"row-5\">\n\t<td class=\"column-1\">4<\/td><td class=\"column-2\"><a href=\"https:\/\/search.arch.be\/fr\/rechercher-des-personnes\" target=\"_blank\" rel=\"noopener noreferrer\">Archives de l'\u00c9tat en Belgique (Etat civil)<\/a><\/td><td class=\"column-3\">Gratuit<\/td>\n<\/tr>\n<tr class=\"row-6\">\n\t<td class=\"column-1\">5<\/td><td class=\"column-2\"><a href=\"http:\/\/arch-poperinge.be\/\" target=\"_blank\" rel=\"noopener noreferrer\">Archives de Poperinge<\/a><\/td><td class=\"column-3\">Gratuit<\/td>\n<\/tr>\n<tr class=\"row-7\">\n\t<td class=\"column-1\">6<\/td><td class=\"column-2\"><a href=\"http:\/\/numerique.bibliotheque.bm-lille.fr\/sdx\/num\/champ?f=subject&amp;v=Cartes%20anciennes%20--%20Flandre%20(Comt%C3%A9)\" target=\"_blank\" rel=\"noopener noreferrer\">Biblioth\u00e8que Municipale de Lille<\/a><\/td><td class=\"column-3\">Gratuit<\/td>\n<\/tr>\n<tr class=\"row-8\">\n\t<td class=\"column-1\">7<\/td><td class=\"column-2\"><a href=\"http:\/\/www.ahicf.com\/centre-des-archives-multiregional-sncf-de-beziers.html\" target=\"_blank\" rel=\"noopener noreferrer\">Centre des archives multir\u00e9gional SNCF de B\u00e9ziers<\/a><\/td><td class=\"column-3\">Gratuit<\/td>\n<\/tr>\n<tr class=\"row-9\">\n\t<td class=\"column-1\">8<\/td><td class=\"column-2\"><a href=\"http:\/\/chtimiste.com\/\" target=\"_blank\" rel=\"noopener noreferrer\">Chtimiste (site consacr\u00e9 aux parcours de r\u00e9giments en 1914-18)<\/a><\/td><td class=\"column-3\">Gratuit<\/td>\n<\/tr>\n<tr class=\"row-10\">\n\t<td class=\"column-1\">9<\/td><td class=\"column-2\"><a href=\"http:\/\/www.crgfa.org\/\" target=\"_blank\" rel=\"noopener noreferrer\">CRGFA Centre de Recherche de G\u00e9n\u00e9alogie Flandre Artois<\/a><\/td><td class=\"column-3\"><\/td>\n<\/tr>\n<tr class=\"row-11\">\n\t<td class=\"column-1\">10<\/td><td class=\"column-2\"><a href=\"http:\/\/www.francegenweb.org\/\" target=\"_blank\" rel=\"noopener noreferrer\">FranceGenWeb (Recherche simultan\u00e9e d'un patronyme dans 19 bases de donn\u00e9es)<\/a><\/td><td class=\"column-3\">Gratuit<\/td>\n<\/tr>\n<tr class=\"row-12\">\n\t<td class=\"column-1\">11<\/td><td class=\"column-2\"><a href=\"http:\/\/www.francegenweb.org\/~actes\/index.php\" target=\"_blank\" rel=\"noopener noreferrer\">FranceGenWeb (Actes en vrac)<\/a><\/td><td class=\"column-3\">Gratuit<\/td>\n<\/tr>\n<tr class=\"row-13\">\n\t<td class=\"column-1\">12<\/td><td class=\"column-2\"><a href=\"http:\/\/genea-bricolo.over-blog.com\/\" target=\"_blank\" rel=\"noopener noreferrer\">G\u00e9n\u00e9a-bricolo<\/a><\/td><td class=\"column-3\"><\/td>\n<\/tr>\n<tr class=\"row-14\">\n\t<td class=\"column-1\">13<\/td><td class=\"column-2\"><a href=\"http:\/\/www.geneachtimi.com\/portal.php\" target=\"_blank\" rel=\"noopener noreferrer\">G\u00e9n\u00e9achtimi<\/a><\/td><td class=\"column-3\"><\/td>\n<\/tr>\n<tr class=\"row-15\">\n\t<td class=\"column-1\">14<\/td><td class=\"column-2\"><a href=\"http:\/\/www.genealo.net\/\" target=\"_blank\" rel=\"noopener noreferrer\">G\u00e9n\u00e9alo<\/a><\/td><td class=\"column-3\"><\/td>\n<\/tr>\n<tr class=\"row-16\">\n\t<td class=\"column-1\">15<\/td><td class=\"column-2\"><a href=\"http:\/\/www.lewage.be\/\" target=\"_blank\" rel=\"noopener noreferrer\">G\u00e9n\u00e9alogie de Tourcoing (du N-PdC et de Belgique)<\/a><\/td><td class=\"column-3\"><\/td>\n<\/tr>\n<tr class=\"row-17\">\n\t<td class=\"column-1\">16<\/td><td class=\"column-2\"><a href=\"http:\/\/www.geneanet.org\" target=\"_blank\" rel=\"noopener noreferrer\">G\u00e9n\u00e9anet<\/a><\/td><td class=\"column-3\"><\/td>\n<\/tr>\n<tr class=\"row-18\">\n\t<td class=\"column-1\">17<\/td><td class=\"column-2\"><a href=\"http:\/\/www.geneanet.org\/archives\/releves\/\" target=\"_blank\" rel=\"noopener noreferrer\">G\u00e9n\u00e9anet (relev\u00e9s d'\u00e9tat civil dans le monde)<\/a><\/td><td class=\"column-3\"><\/td>\n<\/tr>\n<tr class=\"row-19\">\n\t<td class=\"column-1\">18<\/td><td class=\"column-2\"><a href=\"http:\/\/geneaph.free.fr\/travaux\/\" target=\"_blank\" rel=\"noopener noreferrer\">Relev\u00e9s de Bailleul, La cr\u00eache &amp; Outtersteene<\/a><\/td><td class=\"column-3\"><\/td>\n<\/tr>\n<tr class=\"row-20\">\n\t<td class=\"column-1\">19<\/td><td class=\"column-2\"><a href=\"http:\/\/www.gennpdc.net\/\" target=\"_blank\" rel=\"noopener noreferrer\">GenNPpC<\/a><\/td><td class=\"column-3\"><\/td>\n<\/tr>\n<tr class=\"row-21\">\n\t<td class=\"column-1\">20<\/td><td class=\"column-2\"><a href=\"http:\/\/www.ggrn.fr\/\" target=\"_blank\" rel=\"noopener noreferrer\">GGRN<\/a><\/td><td class=\"column-3\"><\/td>\n<\/tr>\n<tr class=\"row-22\">\n\t<td class=\"column-1\">21<\/td><td class=\"column-2\"><a href=\"http:\/\/ghezibde.info\/forums\/forum.php\" target=\"_blank\" rel=\"noopener noreferrer\">Ghezibde (Forum g\u00e9n\u00e9alogique et espaces partag\u00e9s). Concerne principalement les Flandres Fran\u00e7aises<\/a><\/td><td class=\"column-3\"><\/td>\n<\/tr>\n<tr class=\"row-23\">\n\t<td class=\"column-1\">22<\/td><td class=\"column-2\"><a href=\"http:\/\/jfbaquet.free.fr\/gsites\/progs\/sisite.php\" target=\"_blank\" rel=\"noopener noreferrer\">L'annuaire des sites g\u00e9n\u00e9alogiques<\/a><\/td><td class=\"column-3\">Gratuit<\/td>\n<\/tr>\n<tr class=\"row-24\">\n\t<td class=\"column-1\">23<\/td><td class=\"column-2\"><a href=\"http:\/\/www.hoteldesinvalides.org\/\" target=\"_blank\" rel=\"noopener noreferrer\">H\u00f4tel des Invalides (archives)<\/a><\/td><td class=\"column-3\"><\/td>\n<\/tr>\n<tr class=\"row-25\">\n\t<td class=\"column-1\">24<\/td><td class=\"column-2\"><a href=\"http:\/\/huguenots-france.org\/france.htm\" target=\"_blank\" rel=\"noopener noreferrer\">Huguenots de France et d'ailleurs<\/a><\/td><td class=\"column-3\">Gratuit<\/td>\n<\/tr>\n<tr class=\"row-26\">\n\t<td class=\"column-1\">25<\/td><td class=\"column-2\"><a href=\"http:\/\/www.archivesdepartementales.lenord.fr\/?id=archives_online\" target=\"_blank\" rel=\"noopener noreferrer\">Les archives d\u00e9partementales du Nord<\/a><\/td><td class=\"column-3\">Gratuit<\/td>\n<\/tr>\n<tr class=\"row-27\">\n\t<td class=\"column-1\">26<\/td><td class=\"column-2\"><a href=\"http:\/\/www.archivespasdecalais.fr\/\" target=\"_blank\" rel=\"noopener noreferrer\">Les archives d\u00e9partementales du Pas de Calais<\/a><\/td><td class=\"column-3\">Gratuit<\/td>\n<\/tr>\n<tr class=\"row-28\">\n\t<td class=\"column-1\">27<\/td><td class=\"column-2\"><a href=\"http:\/\/les.guillotines.free.fr\/doc.htm\" target=\"_blank\" rel=\"noopener noreferrer\">Les guillotin\u00e9s de la r\u00e9volution Fran\u00e7aise<\/a><\/td><td class=\"column-3\">Gratuit<\/td>\n<\/tr>\n<tr class=\"row-29\">\n\t<td class=\"column-1\">28<\/td><td class=\"column-2\"><a href=\"http:\/\/www.francegenweb.org\/~notaires\/accueil.php\" target=\"_blank\" rel=\"noopener noreferrer\">Les notaires de France \u00e0 travers le temps<\/a><\/td><td class=\"column-3\">Gratuit<\/td>\n<\/tr>\n<tr class=\"row-30\">\n\t<td class=\"column-1\">29<\/td><td class=\"column-2\"><a href=\"http:\/\/lomme-des-weppes.wifeo.com\/\" target=\"_blank\" rel=\"noopener noreferrer\">Lomme des Weppes<\/a><\/td><td class=\"column-3\">Gratuit<\/td>\n<\/tr>\n<tr class=\"row-31\">\n\t<td class=\"column-1\">30<\/td><td class=\"column-2\"><a href=\"http:\/\/memoiresdepierre.pagesperso-orange.fr\/\" target=\"_blank\" rel=\"noopener noreferrer\">M\u00e9moire de pierres (les monuments aux morts de toutes les guerres modernes pour le Pas de Calais)<\/a><\/td><td class=\"column-3\">Gratuit<\/td>\n<\/tr>\n<tr class=\"row-32\">\n\t<td class=\"column-1\">31<\/td><td class=\"column-2\"><a href=\"http:\/\/gw.geneanet.org\/mnomade\" target=\"_blank\" rel=\"noopener noreferrer\">M\u00e9moire nomade (colporteurs, mendiants, \u00e9gyptiens, boh\u00e9miens, romanichels, saltimbanques, forains,...)<\/a><\/td><td class=\"column-3\"><\/td>\n<\/tr>\n<tr class=\"row-33\">\n\t<td class=\"column-1\">32<\/td><td class=\"column-2\"><a href=\"http:\/\/www.netradyle.be\/actes\/\" target=\"_blank\" rel=\"noopener noreferrer\">Un site Wallon  (tr\u00e8s document\u00e9)<\/a><\/td><td class=\"column-3\">Gratuit<\/td>\n<\/tr>\n<tr class=\"row-34\">\n\t<td class=\"column-1\">33<\/td><td class=\"column-2\"><a href=\"http:\/\/recherche-origines.forumpro.fr\/forum\" target=\"_blank\" rel=\"noopener noreferrer\">N\u00e9 sous X (forum)<\/a><\/td><td class=\"column-3\">Gratuit<\/td>\n<\/tr>\n<tr class=\"row-35\">\n\t<td class=\"column-1\">34<\/td><td class=\"column-2\"><a href=\"http:\/\/www.notrebelgique.be\/fr\/index.php\" target=\"_blank\" rel=\"noopener noreferrer\">Notre Belgique<\/a><\/td><td class=\"column-3\">Gratuit<\/td>\n<\/tr>\n<tr class=\"row-36\">\n\t<td class=\"column-1\">35<\/td><td class=\"column-2\"><a href=\"http:\/\/grandeguerre.icrc.org\/fr\" target=\"_blank\" rel=\"noopener noreferrer\">Prisonniers de la 1\u00e8re Guerre mondiale<\/a><\/td><td class=\"column-3\">Gratuit<\/td>\n<\/tr>\n<tr class=\"row-37\">\n\t<td class=\"column-1\">36<\/td><td class=\"column-2\"><a href=\"http:\/\/www.memoiredeshommes.sga.defense.gouv.fr\/fr\/article.php?larub=202&amp;titre=registres-matricules-de-la-garde-imperiale-et-de-l-infanterie-de-ligne\" target=\"_blank\" rel=\"noopener noreferrer\">M\u00e9moire des Hommes (reproduction num\u00e9rique recensent les sous-officiers et la troupe de la garde imp\u00e9riale)<\/a><\/td><td class=\"column-3\">Gratuit<\/td>\n<\/tr>\n<tr class=\"row-38\">\n\t<td class=\"column-1\">37<\/td><td class=\"column-2\"><a href=\"http:\/\/www.memoiredeshommes.sga.defense.gouv.fr\/article.php?laref=1\" target=\"_blank\" rel=\"noopener noreferrer\">M\u00e9moire des Hommes (documents num\u00e9ris\u00e9s et des informations issues des fonds d\u2019archives et des collections conserv\u00e9s par le minist\u00e8re de la D\u00e9fense.)<\/a><\/td><td class=\"column-3\">Gratuit<\/td>\n<\/tr>\n<tr class=\"row-39\">\n\t<td class=\"column-1\">38<\/td><td class=\"column-2\"><a href=\"http:\/\/www.vrijwilligersrab.be\/\" target=\"_blank\" rel=\"noopener noreferrer\">Site Flamand par les volontaires des Archives de l'Etat \u00e0 Bruges et Courtrai<\/a><\/td><td class=\"column-3\">Gratuit<\/td>\n<\/tr>\n<tr class=\"row-40\">\n\t<td class=\"column-1\">39<\/td><td class=\"column-2\"><a href=\"https:\/\/shcwr.net\/\" target=\"_blank\" rel=\"noopener noreferrer\">La Soci\u00e9t\u00e9 d\u2019Histoire de Comines-Warneton<\/a><\/td><td class=\"column-3\">Gratuit<\/td>\n<\/tr>\n<tr class=\"row-41\">\n\t<td class=\"column-1\">40<\/td><td class=\"column-2\"><a href=\"http:\/\/xencolere.jimdo.com\/\" target=\"_blank\" rel=\"noopener noreferrer\">X en col\u00e8re<\/a><\/td><td class=\"column-3\"><\/td>\n<\/tr>\n<tr class=\"row-42\">\n\t<td class=\"column-1\">41<\/td><td class=\"column-2\"><a href=\"http:\/\/stamboom.sintannatermuiden.nl\/\" target=\"_blank\" rel=\"noopener noreferrer\">Protestants immigr\u00e9s<\/a><\/td><td class=\"column-3\">Gratuit<\/td>\n<\/tr>\n<tr class=\"row-43\">\n\t<td class=\"column-1\">42<\/td><td class=\"column-2\"><a href=\"http:\/\/genealogiepasdecalais.fr\/\" target=\"_blank\" rel=\"noopener noreferrer\">AGP<\/a><\/td><td class=\"column-3\"><\/td>\n<\/tr>\n<\/tbody>\n<\/table>\n<!-- #tablepress-11 from cache --><\/div>\n","protected":false},"excerpt":{"rendered":"<p><span class=\"more-link\"><a href=\"https:\/\/www.cgvl-merville.com\/?page_id=1473\">Lire la suite<\/a><\/span><\/p>\n","protected":false},"author":1,"featured_media":5324,"parent":0,"menu_order":0,"comment_status":"open","ping_status":"closed","template":"","meta":{"_mc_calendar":[],"footnotes":""},"class_list":["entry","author-cgvl","post-1473","page","type-page","status-publish","has-post-thumbnail"],"_links":{"self":[{"href":"https:\/\/www.cgvl-merville.com\/index.php?rest_route=\/wp\/v2\/pages\/1473","targetHints":{"allow":["GET"]}}],"collection":[{"href":"https:\/\/www.cgvl-merville.com\/index.php?rest_route=\/wp\/v2\/pages"}],"about":[{"href":"https:\/\/www.cgvl-merville.com\/index.php?rest_route=\/wp\/v2\/types\/page"}],"author":[{"embeddable":true,"href":"https:\/\/www.cgvl-merville.com\/index.php?rest_route=\/wp\/v2\/users\/1"}],"replies":[{"embeddable":true,"href":"https:\/\/www.cgvl-merville.com\/index.php?rest_route=%2Fwp%2Fv2%2Fcomments&post=1473"}],"version-history":[{"count":4,"href":"https:\/\/www.cgvl-merville.com\/index.php?rest_route=\/wp\/v2\/pages\/1473\/revisions"}],"predecessor-version":[{"id":5325,"href":"https:\/\/www.cgvl-merville.com\/index.php?rest_route=\/wp\/v2\/pages\/1473\/revisions\/5325"}],"wp:featuredmedia":[{"embeddable":true,"href":"https:\/\/www.cgvl-merville.com\/index.php?rest_route=\/wp\/v2\/media\/5324"}],"wp:attachment":[{"href":"https:\/\/www.cgvl-merville.com\/index.php?rest_route=%2Fwp%2Fv2%2Fmedia&parent=1473"}],"curies":[{"name":"wp","href":"https:\/\/api.w.org\/{rel}","templated":true}]}}