{"id":2783,"date":"2015-11-30T20:49:50","date_gmt":"2015-11-30T19:49:50","guid":{"rendered":"http:\/\/www.cgvl-merville.com\/?page_id=2783"},"modified":"2022-11-24T10:26:31","modified_gmt":"2022-11-24T09:26:31","slug":"detail-tables-deces-sepultures-2","status":"publish","type":"page","link":"https:\/\/www.cgvl-merville.com\/?page_id=2783","title":{"rendered":"D\u00e9tail Tables D\u00e9c\u00e8s\/ S\u00e9pultures"},"content":{"rendered":"  \r\n\r\n <html>  \r\n      <head>  \r\n          <title>D\u00e9tail Tables D\u00e9c\u00e8s\/ S\u00e9pultures<\/title>  \r\n           <link rel=\"stylesheet\" type=\"text\/css\" href=\"https:\/\/cdn.datatables.net\/v\/dt\/jqc-1.12.4\/moment-2.18.1\/dt-1.13.1\/b-2.3.2\/date-1.2.0\/sl-1.5.0\/datatables.min.css\">\r\n\t\t<link rel=\"stylesheet\" type=\"text\/css\" href=\"css\/generator-base.css\">\r\n\t\t<link rel=\"stylesheet\" type=\"text\/css\" href=\"css\/editor.dataTables.min.css\">\r\n\r\n\t\t<script type=\"text\/javascript\" charset=\"utf-8\" src=\"https:\/\/cdn.datatables.net\/v\/dt\/jqc-1.12.4\/moment-2.18.1\/dt-1.13.1\/b-2.3.2\/date-1.2.0\/sl-1.5.0\/datatables.min.js\"><\/script>\r\n\t\t<script type=\"text\/javascript\" charset=\"utf-8\" src=\"js\/dataTables.editor.min.js\"><\/script>\r\n\t\t<script type=\"text\/javascript\" charset=\"utf-8\" src=\"js\/table.test.js\"><\/script>  \r\n      <\/head>  \r\n      <body>  \r\n           \r\n           <div class=\"container\">  \r\n                <h3 align=\"center\"> <\/h3>  \r\n                <br \/>  \r\n                <div class=\"table-responsive\">  \r\n                     <table id=\"employee_data\" class=\"table table-striped table-bordered\">  \r\n                          <thead>  \r\n                               <tr>  \r\n                                    <td>Nom<\/td>  \r\n                                    <td>Pr\u00e9nom<\/td>  \r\n                                    <td>Date<\/td>  \r\n                                    <td>P\u00e8re<\/td>  \r\n                                    <td>M\u00e8re<\/td>\r\n\t\t\t\t\t\t\t\t\t<td>T\u00e9moins<\/td> \r\n\t\t\t\t\t\t\t\t\t<td>Divers<\/td>\t\t\t\t\t\t\t\t\t\r\n                               <\/tr>  \r\n                          <\/thead>  \r\n                            \r\n                     <\/table>  \r\n                <\/div>  \r\n           <\/div>  \r\n      <\/body>  \r\n <\/html>  \r\n <script>  \r\n $(document).ready(function(){  \r\n      $('#employee_data').DataTable();  \r\n });  \r\n\t $.extend(true, $.fn.dataTable.defaults, {\r\n        language: {\r\n            url: '\/\/cdn.datatables.net\/plug-ins\/1.13.1\/i18n\/fr-FR.json'\r\n        },\r\n});\r\n <\/script>\n","protected":false},"excerpt":{"rendered":"<p><span class=\"more-link\"><a href=\"https:\/\/www.cgvl-merville.com\/?page_id=2783\">Lire la suite<\/a><\/span><\/p>\n","protected":false},"author":272,"featured_media":0,"parent":0,"menu_order":0,"comment_status":"closed","ping_status":"closed","template":"","meta":{"_mc_calendar":[],"footnotes":""},"class_list":["entry","author-cmalvache","post-2783","page","type-page","status-publish"],"_links":{"self":[{"href":"https:\/\/www.cgvl-merville.com\/index.php?rest_route=\/wp\/v2\/pages\/2783","targetHints":{"allow":["GET"]}}],"collection":[{"href":"https:\/\/www.cgvl-merville.com\/index.php?rest_route=\/wp\/v2\/pages"}],"about":[{"href":"https:\/\/www.cgvl-merville.com\/index.php?rest_route=\/wp\/v2\/types\/page"}],"author":[{"embeddable":true,"href":"https:\/\/www.cgvl-merville.com\/index.php?rest_route=\/wp\/v2\/users\/272"}],"replies":[{"embeddable":true,"href":"https:\/\/www.cgvl-merville.com\/index.php?rest_route=%2Fwp%2Fv2%2Fcomments&post=2783"}],"version-history":[{"count":8,"href":"https:\/\/www.cgvl-merville.com\/index.php?rest_route=\/wp\/v2\/pages\/2783\/revisions"}],"predecessor-version":[{"id":5473,"href":"https:\/\/www.cgvl-merville.com\/index.php?rest_route=\/wp\/v2\/pages\/2783\/revisions\/5473"}],"wp:attachment":[{"href":"https:\/\/www.cgvl-merville.com\/index.php?rest_route=%2Fwp%2Fv2%2Fmedia&parent=2783"}],"curies":[{"name":"wp","href":"https:\/\/api.w.org\/{rel}","templated":true}]}}