{"id":3090,"date":"2016-04-14T07:49:36","date_gmt":"2016-04-14T06:49:36","guid":{"rendered":"http:\/\/www.cgvl-merville.com\/?page_id=3090"},"modified":"2022-12-03T11:02:15","modified_gmt":"2022-12-03T10:02:15","slug":"adherer","status":"publish","type":"page","link":"https:\/\/www.cgvl-merville.com\/?page_id=3090","title":{"rendered":"Adh\u00e9rer"},"content":{"rendered":"<p><a href=\"adhesionCGVL.pdf\" target=\"_blank\" rel=\"attachment wp-att-3091 noopener\"><img loading=\"lazy\" decoding=\"async\" class=\"alignright wp-image-5488 size-medium\" src=\"https:\/\/www.cgvl-merville.com\/wp-content\/uploads\/2022\/12\/Capture-decran-2022-12-03-105927-219x300.png\" alt=\"\" width=\"219\" height=\"300\" srcset=\"https:\/\/www.cgvl-merville.com\/wp-content\/uploads\/2022\/12\/Capture-decran-2022-12-03-105927-219x300.png 219w, https:\/\/www.cgvl-merville.com\/wp-content\/uploads\/2022\/12\/Capture-decran-2022-12-03-105927-401x550.png 401w, https:\/\/www.cgvl-merville.com\/wp-content\/uploads\/2022\/12\/Capture-decran-2022-12-03-105927-365x500.png 365w, https:\/\/www.cgvl-merville.com\/wp-content\/uploads\/2022\/12\/Capture-decran-2022-12-03-105927.png 537w\" sizes=\"auto, (max-width: 219px) 100vw, 219px\" \/><\/a>De nos jours, de nombreuses archives sont mises en ligne par les services d\u00e9partementaux. Il s\u2019av\u00e8re que les Internautes y puisent de nombreuses informations, mais h\u00e9las\u2026 les p\u00e9riodes s\u2019\u00e9tendent sur quelques d\u00e9cennies et limitent nos recherches.<br \/>\nL\u2019espace \u00ab Recherche en ligne \u00bb , permet aux adh\u00e9rents de notre association de compl\u00e9ter les cha\u00eenons manquants par le biais de nos tables, mis \u00e0 la disposition de nos adh\u00e9rents dans un espace qui leur est r\u00e9serv\u00e9.<br \/>\nVous pouvez depuis cet espace faire plusieurs types de recherche (par type d\u2019acte, globale\u2026).<\/p>\n<p>Pour adh\u00e9rer, il vous suffit d&rsquo;imprimer le document pdf en cliquant sur l&rsquo;image \u00e0 droite<br \/>\net de nous le faire parvenir, d\u00fbment compl\u00e9t\u00e9, \u00e0 :<br \/>\n<strong>Cercle G\u00e9n\u00e9alogique de la Vall\u00e9e de la Lys (CGVL)<br \/>\nB.P 49<br \/>\n59660 MERVILLE<\/strong><\/p>\n","protected":false},"excerpt":{"rendered":"<p>De nos jours, de nombreuses archives sont mises en ligne par les services d\u00e9partementaux. Il s\u2019av\u00e8re que les Internautes y puisent de nombreuses informations, mais h\u00e9las\u2026 les p\u00e9riodes s\u2019\u00e9tendent sur quelques d\u00e9cennies et limitent nos recherches. L\u2019espace \u00ab Recherche en ligne \u00bb , permet aux adh\u00e9rents de notre association de<span class=\"more-link\"><a href=\"https:\/\/www.cgvl-merville.com\/?page_id=3090\">Lire la suite<\/a><\/span><\/p>\n","protected":false},"author":272,"featured_media":5331,"parent":0,"menu_order":0,"comment_status":"closed","ping_status":"closed","template":"","meta":{"_mc_calendar":[],"footnotes":""},"class_list":["entry","author-cmalvache","post-3090","page","type-page","status-publish","has-post-thumbnail"],"_links":{"self":[{"href":"https:\/\/www.cgvl-merville.com\/index.php?rest_route=\/wp\/v2\/pages\/3090","targetHints":{"allow":["GET"]}}],"collection":[{"href":"https:\/\/www.cgvl-merville.com\/index.php?rest_route=\/wp\/v2\/pages"}],"about":[{"href":"https:\/\/www.cgvl-merville.com\/index.php?rest_route=\/wp\/v2\/types\/page"}],"author":[{"embeddable":true,"href":"https:\/\/www.cgvl-merville.com\/index.php?rest_route=\/wp\/v2\/users\/272"}],"replies":[{"embeddable":true,"href":"https:\/\/www.cgvl-merville.com\/index.php?rest_route=%2Fwp%2Fv2%2Fcomments&post=3090"}],"version-history":[{"count":8,"href":"https:\/\/www.cgvl-merville.com\/index.php?rest_route=\/wp\/v2\/pages\/3090\/revisions"}],"predecessor-version":[{"id":5490,"href":"https:\/\/www.cgvl-merville.com\/index.php?rest_route=\/wp\/v2\/pages\/3090\/revisions\/5490"}],"wp:featuredmedia":[{"embeddable":true,"href":"https:\/\/www.cgvl-merville.com\/index.php?rest_route=\/wp\/v2\/media\/5331"}],"wp:attachment":[{"href":"https:\/\/www.cgvl-merville.com\/index.php?rest_route=%2Fwp%2Fv2%2Fmedia&parent=3090"}],"curies":[{"name":"wp","href":"https:\/\/api.w.org\/{rel}","templated":true}]}}