{"id":4176,"date":"2020-01-17T16:07:07","date_gmt":"2020-01-17T15:07:07","guid":{"rendered":"http:\/\/www.cgvl-merville.com\/?page_id=4176"},"modified":"2022-11-16T12:42:57","modified_gmt":"2022-11-16T11:42:57","slug":"cgvl-en-panne","status":"publish","type":"page","link":"https:\/\/www.cgvl-merville.com\/","title":{"rendered":"Bienvenue sur notre site"},"content":{"rendered":"\n<div align=\"center\">&nbsp;<\/div>\n<p style=\"text-align: justify;\"><img decoding=\"async\" class=\"alignright wp-image-238 size-medium\" src=\"\/wp-content\/uploads\/2014\/04\/La-salle-de-lecture-300x234.jpg\" alt=\"La-salle-de-lecture\"><\/p>\n<p style=\"text-align: justify;\">Notre association est r\u00e9gie par la loi du 1er juillet 1901.<br>Elle fut fond\u00e9e le 20 Octobre 1989 sous le nom de Cercle G\u00e9n\u00e9alogique du Haut Bassin de la Lys (C.G.H.B.L) par une vingtaine de personnes soucieuses de sauvegarder l&rsquo;ensemble des archives de la ville de Merville . Un bulletin fut \u00e9dit\u00e9 portant le nom de &nbsp;\u00ab\u00a0Bulletin Trimestriel\u00a0\u00bb .<\/p><p style=\"text-align: left;\"><img decoding=\"async\" class=\"alignleft wp-image-238 size-medium\" src=\"\/wp-content\/uploads\/2020\/03\/IMG_20200307_095453petit.jpg\" alt=\"La-salle-de-lecture\"><\/p>\n<p style=\"text-align: justify;\">Nous sommes d\u00e9clar\u00e9s \u00e0 la Pr\u00e9fecture de Dunkerque sous le n\u00b0 6081, nos statuts y sont d\u00e9pos\u00e9s. L&rsquo;association, se d\u00e9veloppant de plus en plus, fut renomm\u00e9e&nbsp;le 21 Octobre 2000, lors de l&rsquo;assembl\u00e9e g\u00e9n\u00e9rale extraordinaire :&nbsp;<strong>C<\/strong>ercle <strong>G<\/strong>\u00e9n\u00e9alogique de la <strong>V<\/strong>all\u00e9e de la <strong>L<\/strong>ys (<strong>C.G.V.L<\/strong>),&nbsp;son bulletin trimestriel : \u00ab\u00a0<strong>Lys G\u00e9n\u00e9alogie<\/strong>\u00a0\u00bb et en novembre 2011 notre&nbsp;site internet : &nbsp;<strong>www.cgvl-merville.com&nbsp;<\/strong><\/p>\n<p style=\"text-align: justify;\">Nous comptons environ 200 adh\u00e9rents r\u00e9partis dans toutes les r\u00e9gions de France et de l&rsquo;\u00c9tranger, elle est anim\u00e9e par une \u00e9quipe de b\u00e9n\u00e9voles.<\/p>\n<p style=\"text-align: justify;\">\n<iframe src=\"https:\/\/www.google.com\/maps\/embed?pb=!1m18!1m12!1m3!1d40479.88872767934!2d2.60196681228551!3d50.64582030262853!2m3!1f0!2f0!3f0!3m2!1i1024!2i768!4f13.1!3m3!1m2!1s0x47dd200cef308fe1%3A0xb6069e9209de2642!2sH%C3%B4tel%20de%20Ville%20de%20Merville!5e0!3m2!1sfr!2sfr!4v1579190023452!5m2!1sfr!2sfr\" frameborder=\"0\" style=\"border:0;width:100%\" allowfullscreen=\"\"><\/iframe>\n\n","protected":false},"excerpt":{"rendered":"<p>&nbsp; Notre association est r\u00e9gie par la loi du 1er juillet 1901.Elle fut fond\u00e9e le 20 Octobre 1989 sous le nom de Cercle G\u00e9n\u00e9alogique du Haut Bassin de la Lys (C.G.H.B.L) par une vingtaine de personnes soucieuses de sauvegarder l&rsquo;ensemble des archives de la ville de Merville . Un bulletin<span class=\"more-link\"><a href=\"https:\/\/www.cgvl-merville.com\/\">Lire la suite<\/a><\/span><\/p>\n","protected":false},"author":272,"featured_media":0,"parent":0,"menu_order":0,"comment_status":"closed","ping_status":"closed","template":"","meta":{"_mc_calendar":[],"footnotes":""},"class_list":["entry","author-cmalvache","post-4176","page","type-page","status-publish"],"_links":{"self":[{"href":"https:\/\/www.cgvl-merville.com\/index.php?rest_route=\/wp\/v2\/pages\/4176","targetHints":{"allow":["GET"]}}],"collection":[{"href":"https:\/\/www.cgvl-merville.com\/index.php?rest_route=\/wp\/v2\/pages"}],"about":[{"href":"https:\/\/www.cgvl-merville.com\/index.php?rest_route=\/wp\/v2\/types\/page"}],"author":[{"embeddable":true,"href":"https:\/\/www.cgvl-merville.com\/index.php?rest_route=\/wp\/v2\/users\/272"}],"replies":[{"embeddable":true,"href":"https:\/\/www.cgvl-merville.com\/index.php?rest_route=%2Fwp%2Fv2%2Fcomments&post=4176"}],"version-history":[{"count":10,"href":"https:\/\/www.cgvl-merville.com\/index.php?rest_route=\/wp\/v2\/pages\/4176\/revisions"}],"predecessor-version":[{"id":5418,"href":"https:\/\/www.cgvl-merville.com\/index.php?rest_route=\/wp\/v2\/pages\/4176\/revisions\/5418"}],"wp:attachment":[{"href":"https:\/\/www.cgvl-merville.com\/index.php?rest_route=%2Fwp%2Fv2%2Fmedia&parent=4176"}],"curies":[{"name":"wp","href":"https:\/\/api.w.org\/{rel}","templated":true}]}}