{"id":4264,"date":"2020-02-07T16:22:54","date_gmt":"2020-02-07T15:22:54","guid":{"rendered":"http:\/\/www.cgvl-merville.com\/?page_id=4264"},"modified":"2022-11-24T10:32:27","modified_gmt":"2022-11-24T09:32:27","slug":"a-propos-de-la-base-michel-moulin","status":"publish","type":"page","link":"https:\/\/www.cgvl-merville.com\/?page_id=4264","title":{"rendered":"A propos de la Base Michel MOULIN"},"content":{"rendered":"\n<p>Nous avons d\u00e9cid\u00e9s de consacrer un espace \u00e0 la base de M Michel Moulin car le travail r\u00e9alis\u00e9 par ce dernier est immense.<br>Il a accept\u00e9 de nous confier son travail (qu&rsquo;il continue \u00e0 mettre \u00e0 jour).<br>Pour y acc\u00e9der vous devez \u00eatre membre du CGVL.<\/p>\n\n\n\n<p>Nous le remercions encore pour sa confiance.<\/p>\n\n\n\n<p>Derni\u00e8re mise \u00e0 jour de la base: Novembre 2022<\/p>\n","protected":false},"excerpt":{"rendered":"<p>Nous avons d\u00e9cid\u00e9s de consacrer un espace \u00e0 la base de M Michel Moulin car le travail r\u00e9alis\u00e9 par ce dernier est immense.Il a accept\u00e9 de nous confier son travail (qu&rsquo;il continue \u00e0 mettre \u00e0 jour).Pour y acc\u00e9der vous devez \u00eatre membre du CGVL. Nous le remercions encore pour sa<span class=\"more-link\"><a href=\"https:\/\/www.cgvl-merville.com\/?page_id=4264\">Lire la suite<\/a><\/span><\/p>\n","protected":false},"author":272,"featured_media":0,"parent":0,"menu_order":0,"comment_status":"closed","ping_status":"closed","template":"","meta":{"_mc_calendar":[],"footnotes":""},"class_list":["entry","author-cmalvache","post-4264","page","type-page","status-publish"],"_links":{"self":[{"href":"https:\/\/www.cgvl-merville.com\/index.php?rest_route=\/wp\/v2\/pages\/4264","targetHints":{"allow":["GET"]}}],"collection":[{"href":"https:\/\/www.cgvl-merville.com\/index.php?rest_route=\/wp\/v2\/pages"}],"about":[{"href":"https:\/\/www.cgvl-merville.com\/index.php?rest_route=\/wp\/v2\/types\/page"}],"author":[{"embeddable":true,"href":"https:\/\/www.cgvl-merville.com\/index.php?rest_route=\/wp\/v2\/users\/272"}],"replies":[{"embeddable":true,"href":"https:\/\/www.cgvl-merville.com\/index.php?rest_route=%2Fwp%2Fv2%2Fcomments&post=4264"}],"version-history":[{"count":3,"href":"https:\/\/www.cgvl-merville.com\/index.php?rest_route=\/wp\/v2\/pages\/4264\/revisions"}],"predecessor-version":[{"id":5474,"href":"https:\/\/www.cgvl-merville.com\/index.php?rest_route=\/wp\/v2\/pages\/4264\/revisions\/5474"}],"wp:attachment":[{"href":"https:\/\/www.cgvl-merville.com\/index.php?rest_route=%2Fwp%2Fv2%2Fmedia&parent=4264"}],"curies":[{"name":"wp","href":"https:\/\/api.w.org\/{rel}","templated":true}]}}