{"id":5783,"date":"2025-12-20T16:06:23","date_gmt":"2025-12-20T15:06:23","guid":{"rendered":"https:\/\/www.cgvl-merville.com\/?page_id=5783"},"modified":"2025-12-20T16:15:38","modified_gmt":"2025-12-20T15:15:38","slug":"merville-pendant-la-2nde-guerre-mondiale","status":"publish","type":"page","link":"https:\/\/www.cgvl-merville.com\/?page_id=5783","title":{"rendered":"Merville pendant la 2nde Guerre mondiale"},"content":{"rendered":"\n<p>Ci dessous quelques photos de la lib\u00e9ration de Merville en 1944 et des fun\u00e9railles des vactimes du bombardement am\u00e9ricain du 12 juin 1944.<\/p>\n\n\n\n<p>Si vous avez des informations plus pr\u00e9cises sur les photos, personnes, dates&#8230;n&rsquo;hesitez pas l&rsquo;indiquer en commentaire.<\/p>\n\n\n\n<p>Merci<\/p>\n\n\n\n<div class=\"wp-block-gmedia-album gmedia-shortcode\"><div class=\"gmedia_gallery amron_module is_bot\" id=\"GmediaGallery_2\" data-gmid=\"2\" data-module=\"amron\"><script type=\"text\/javascript\">\n\t(function() {\n\t\tthis['GmediaGallery_2'] = {\n\t\t\t'settings':{\"collectionThumbRecomendedWidth\":\"260\",\"collectionPreloaderColor\":\"333333\",\"linkTargetWindow\":\"_blank\",\"thumbSpacing\":\"10\",\"tagsFilter\":\"1\",\"tagCloudAll\":\"All\",\"tagCloudTextColor\":\"rgba(0, 0, 0, 1)\",\"tagCloudTextColorOver\":\"rgba(255,255, 255, 1)\",\"tagCloudBgColor\":\"rgba(211, 211, 211, 1)\",\"tagCloudBgColorOver\":\"rgba(11, 11, 11, 1)\",\"collectionThumbHoverColor\":\"rgba(0, 0, 0, .7)\",\"collectionThumbContentBGColor\":\"rgba(245,245,245,1)\",\"collectionThumbTitleShow\":\"1\",\"collectionThumbTitleColor\":\"rgba(0,0,0,1)\",\"collectionThumbFontSize\":\"18\",\"collectionThumbDescriptionShow\":\"1\",\"collectionThumbDescriptionColor\":\"rgba(0,0,0,1)\",\"collectionThumbDescriptionFontSize\":\"15\",\"collectionReadMoreButtonLabel\":\"Read More\",\"collectionReadMoreButtonLabelColor\":\"rgba(255, 255, 255, 1)\",\"collectionReadMoreButtonBGColor\":\"rgba(0, 0, 0, 1)\",\"collectionReadMoreButtonLabelColorHover\":\"rgba(0, 0, 0, 1)\",\"collectionReadMoreButtonBGColorHover\":\"rgba(235,235,235,1)\",\"modaBgColor\":\"rgba(0,0,0,0.9)\",\"modalInfoBoxBgColor\":\"rgba(255,255,255,1)\",\"modalInfoBoxTitleTextColor\":\"000000\",\"modalInfoBoxTextColor\":\"333333\",\"infoBarCountersEnable\":\"1\",\"infoBarDateInfoEnable\":\"1\",\"lightBoxEnable\":\"1\",\"sliderPreloaderColor\":\"ffffff\",\"sliderBgColor\":\"rgba(0,0,0,0.8)\",\"sliderHeaderFooterBgColor\":\"000000\",\"sliderNavigationColor\":\"rgba(0,0,0,1)\",\"sliderNavigationIconColor\":\"rgba(255,255,255,1)\",\"sliderNavigationColorOver\":\"rgba(255,255,255,1)\",\"sliderNavigationIconColorOver\":\"rgba(0,0,0,1)\",\"sliderItemTitleFontSize\":\"24\",\"sliderItemTitleTextColor\":\"ffffff\",\"sliderThumbBarEnable\":\"0\",\"sliderThumbBarHoverColor\":\"ffffff\",\"sliderThumbSubMenuBackgroundColor\":\"rgba(0,0,0,1)\",\"sliderThumbSubMenuBackgroundColorOver\":\"rgba(255,255,255,1)\",\"sliderThumbSubMenuIconColor\":\"rgba(255,255,255,1)\",\"sliderThumbSubMenuIconHoverColor\":\"rgba(0,0,0,1)\",\"sliderInfoEnable\":\"1\",\"sliderItemDownload\":\"1\",\"sliderItemDiscuss\":\"1\",\"sliderSocialShareEnabled\":\"1\",\"sliderLikesEnabled\":\"1\",\"customCSS\":\"\",\"module_url\":\"https:\\\/\\\/www.cgvl-merville.com\\\/wp-content\\\/plugins\\\/grand-media\\\/module\\\/amron\",\"license\":\"\",\"post_url\":\"https:\\\/\\\/www.cgvl-merville.com?rest_route=wpv2pages5783\"},\n\t\t\t'appQuery':{\"orderby\":\"ID\",\"order\":\"DESC\",\"album__in\":\"2\",\"status\":[\"publish\"],\"limit\":100},\n\t\t\t'appApi':\"https:\\\/\\\/www.cgvl-merville.com\\\/?gmedia-app=1&gmappversion=4&gmmodule=1\",\n\t\t\t'appInfo':{\"name\":\"Merville 2nde Guerre Mondiale\",\"description\":\"\"}};\n\t})();\n<\/script>\n<\/div><\/div>\n\n\n\n<p>Source: Collection priv\u00e9e Yves Malvache<\/p>\n\n\n\n<p><\/p>\n\n\n\n<p><\/p>\n","protected":false},"excerpt":{"rendered":"<p>Ci dessous quelques photos de la lib\u00e9ration de Merville en 1944 et des fun\u00e9railles des vactimes du bombardement am\u00e9ricain du 12 juin 1944. Si vous avez des informations plus pr\u00e9cises sur les photos, personnes, dates&#8230;n&rsquo;hesitez pas l&rsquo;indiquer en commentaire. Merci Source: Collection priv\u00e9e Yves Malvache<span class=\"more-link\"><a href=\"https:\/\/www.cgvl-merville.com\/?page_id=5783\">Lire la suite<\/a><\/span><\/p>\n","protected":false},"author":272,"featured_media":0,"parent":0,"menu_order":0,"comment_status":"open","ping_status":"closed","template":"","meta":{"_mc_calendar":[],"footnotes":""},"class_list":["entry","author-cmalvache","post-5783","page","type-page","status-publish"],"_links":{"self":[{"href":"https:\/\/www.cgvl-merville.com\/index.php?rest_route=\/wp\/v2\/pages\/5783","targetHints":{"allow":["GET"]}}],"collection":[{"href":"https:\/\/www.cgvl-merville.com\/index.php?rest_route=\/wp\/v2\/pages"}],"about":[{"href":"https:\/\/www.cgvl-merville.com\/index.php?rest_route=\/wp\/v2\/types\/page"}],"author":[{"embeddable":true,"href":"https:\/\/www.cgvl-merville.com\/index.php?rest_route=\/wp\/v2\/users\/272"}],"replies":[{"embeddable":true,"href":"https:\/\/www.cgvl-merville.com\/index.php?rest_route=%2Fwp%2Fv2%2Fcomments&post=5783"}],"version-history":[{"count":5,"href":"https:\/\/www.cgvl-merville.com\/index.php?rest_route=\/wp\/v2\/pages\/5783\/revisions"}],"predecessor-version":[{"id":5789,"href":"https:\/\/www.cgvl-merville.com\/index.php?rest_route=\/wp\/v2\/pages\/5783\/revisions\/5789"}],"wp:attachment":[{"href":"https:\/\/www.cgvl-merville.com\/index.php?rest_route=%2Fwp%2Fv2%2Fmedia&parent=5783"}],"curies":[{"name":"wp","href":"https:\/\/api.w.org\/{rel}","templated":true}]}}